{"id":2107,"date":"2019-11-25T16:13:51","date_gmt":"2019-11-25T16:13:51","guid":{"rendered":"https:\/\/www.tgpcymru.org.uk\/beth-rydyn-nin-ei-wneud\/bridgend-restorative-approaches-family-group-meeting-service\/"},"modified":"2026-02-19T14:23:50","modified_gmt":"2026-02-19T14:23:50","slug":"gwasanaeth-cyfarfodydd-grwp-teulu-gweithredu-adferol","status":"publish","type":"page","link":"https:\/\/www.tgpcymru.org.uk\/cy\/beth-rydyn-nin-ei-wneud\/gwasanaethau-cyfarfodydd-grwp-teulu-gweithredu-adferol\/gwasanaeth-cyfarfodydd-grwp-teulu-gweithredu-adferol\/","title":{"rendered":"Gwasanaeth Cyfarfodydd Gr\u0175p Teulu Gweithredu Adferol"},"content":{"rendered":"<p>Mae\u2019r Gwasanaeth Cyfarfodydd Gr\u0175p Teulu gan ddefnyddio Dulliau Adferol ar gael i deuluoedd sy\u2019n profi gwrthdaro ac sydd angen cefnogaeth i ddatrys y gwrthdaro hwnnw. Mae\u2019r gwasanaeth hwn yn helpu teuluoedd i ddod dros trafferthion drwy adeiladu, cynnal\u00a0 a lle bo\u2019r angen, trwsio perthnasau. Bydd aelodau teulu yn cael eu hannog i adnabod eu cryfderau, eu sgiliau ac adnoddau er mwyn gwneud newidiadau cadarnhaol i\u2019w bywydau.<\/p>\n<h3>Beth yw Cyfarfod Grwp Teulu?<\/h3>\n<p>O fewn cyfarfod gr\u0175p teulu, gan ddefnyddio dulliau adferol, bydd aelodau o deuluoedd, ffrindiau ac unrhyw un perthnasol yn dod at ei gilydd i drafod a gwneud cynlluniau ar gyfer y dyfodol. Bydd yr Ymarferydd yn gweithio gyda chi er mwyn eich cefnogi chi. Byddan nhw hefyd yn eich helpu chi i baratoi ar gyfer y cyfarfod a chyrraedd yno.<\/p>\n<p><iframe loading=\"lazy\" title=\"Cyflwyniad i\u2019r Gwasanaeth Cyfarfod Gr\u0175p Teulu\" width=\"500\" height=\"281\" src=\"https:\/\/www.youtube.com\/embed\/9uPPWvoy7Z8?feature=oembed\" frameborder=\"0\" allow=\"accelerometer; autoplay; clipboard-write; encrypted-media; gyroscope; picture-in-picture; web-share\" referrerpolicy=\"strict-origin-when-cross-origin\" allowfullscreen><\/iframe><\/p>\n<h3>Pwy sydd a mynediad i\u2019r gwasanaeth?<\/h3>\n<p>Gallwch chi gael mynediad i\u2019n gwasanaeth os oes gan eich plentyn\/person ifanc Weithiwr Cymdeithasol ei hun o fewn Gwasanaethau Plant ym Mhen-y-bont ar Ogwr, Rhondda Cynon Taf, Merthyr Tudful, Castell-nedd Port Talbot, Ceredigion neu Sir Benfro ac os ydych chi yn profi trafferthion teuluol ac angen cynllunio ar gyfer y dyfodol. Gallwch chi drafod y posibilrwydd o gael eich cyfeirio gyda\u2019ch Gweithiwr Cymdeithasol neu gysylltu gyda ni i weld a yw\u2019r cyfeiriad yn briodol.<\/p>\n<h3>Gr\u0175p Cwrdd \u00e2\u2019n Gilydd Aelodau Teulu Pen-y-bont ar Ogwr<\/h3>\n<p>I bobl sy\u2019n byw ym Mwrdeistref Sirol Pen-y-bont ar Ogwr sydd \u00e2 phrofiad o\u2019n gwasanaeth Cyfarfod Gr\u0175p Teulu, y Gr\u0175p Cwrdd \u00e2\u2019n Gilydd i Aelodau Teulu yw eich cyfle chi i ddylanwadu ar ein gwasanaeth. Gallwch gymryd rhan drwy gyfweld staff a gwirfoddolwyr, a rhannu eich barn.<\/p>\n<p><a href=\"https:\/\/www.tgpcymru.org.uk\/wp-content\/uploads\/2023\/12\/TGP-CYMRU-RAFGM-BCBC-Get-Together-Group.pdf\">Darllen mwy &gt;<\/a><\/p>\n<p>Gallwch fynd i\u2019r gr\u0175p yn lleol neu ar-lein. I gymryd rhan, cysylltwch \u00e2 ni ar 0330 236 7001 neu anfonwch e-bost i tgprafgm@tgpcymru.co.uk<\/p>\n","protected":false},"excerpt":{"rendered":"<p>Mae\u2019r Gwasanaeth Cyfarfodydd Gr\u0175p Teulu gan ddefnyddio Dulliau Adferol ar gael i deuluoedd sy\u2019n profi gwrthdaro ac sydd angen cefnogaeth i ddatrys y gwrthdaro hwnnw. Mae\u2019r gwasanaeth hwn yn helpu [&hellip;]<\/p>\n","protected":false},"author":1,"featured_media":0,"parent":5869,"menu_order":0,"comment_status":"closed","ping_status":"closed","template":"project.php","meta":{"_acf_changed":false,"inline_featured_image":false,"footnotes":"","_links_to":"","_links_to_target":""},"class_list":["post-2107","page","type-page","status-publish","hentry"],"acf":[],"_links":{"self":[{"href":"https:\/\/www.tgpcymru.org.uk\/cy\/wp-json\/wp\/v2\/pages\/2107","targetHints":{"allow":["GET"]}}],"collection":[{"href":"https:\/\/www.tgpcymru.org.uk\/cy\/wp-json\/wp\/v2\/pages"}],"about":[{"href":"https:\/\/www.tgpcymru.org.uk\/cy\/wp-json\/wp\/v2\/types\/page"}],"author":[{"embeddable":true,"href":"https:\/\/www.tgpcymru.org.uk\/cy\/wp-json\/wp\/v2\/users\/1"}],"replies":[{"embeddable":true,"href":"https:\/\/www.tgpcymru.org.uk\/cy\/wp-json\/wp\/v2\/comments?post=2107"}],"version-history":[{"count":0,"href":"https:\/\/www.tgpcymru.org.uk\/cy\/wp-json\/wp\/v2\/pages\/2107\/revisions"}],"up":[{"embeddable":true,"href":"https:\/\/www.tgpcymru.org.uk\/cy\/wp-json\/wp\/v2\/pages\/5869"}],"wp:attachment":[{"href":"https:\/\/www.tgpcymru.org.uk\/cy\/wp-json\/wp\/v2\/media?parent=2107"}],"curies":[{"name":"wp","href":"https:\/\/api.w.org\/{rel}","templated":true}]}}