{"id":5798,"date":"2023-11-07T16:09:33","date_gmt":"2023-11-07T16:09:33","guid":{"rendered":"https:\/\/www.tgpcymru.org.uk\/beth-rydyn-nin-ei-wneud\/gwasanaethau-ymweld-annibynnol-tgp-cymru\/mid-and-west-wales-independent-visiting-service\/"},"modified":"2026-03-06T10:27:29","modified_gmt":"2026-03-06T10:27:29","slug":"gwasanaeth-ymweld-annibynnol-canolbarth-a-gorllewin-cymru","status":"publish","type":"page","link":"https:\/\/www.tgpcymru.org.uk\/cy\/beth-rydyn-nin-ei-wneud\/gwasanaethau-ymweld-annibynnol-tgp-cymru\/gwasanaeth-ymweld-annibynnol-canolbarth-a-gorllewin-cymru\/","title":{"rendered":"Gwasanaeth Ymweld Annibynnol Canolbarth a Gorllewin Cymru"},"content":{"rendered":"<p>Rydym yn cynnig Gwasanaethau Ymweld Annibynnol i blant a phobl ifanc sy&#8217;n byw yn Sir Gaerfyrddin, Ceredigion, Sir Benfro a Phowys.<\/p>\n<h3>Beth yw Ymwelydd Annibynnol?<\/h3>\n<p>Mae Ymwelydd Annibynnol yn wirfoddolwr sy&#8217;n cynnig cwmn\u00efaeth i blentyn neu berson ifanc sydd mewn gofal. Nod Ymwelydd Annibynnol yw darparu presenoldeb cyson a chefnogol ym mywyd person ifanc nad oes ganddo gysylltiadau o&#8217;r fath fel arall.<\/p>\n<p>Mae Ymwelydd Annibynnol yn:<\/p>\n<ul>\n<li>Gwirfoddolwr sy&#8217;n mwynhau treulio amser gyda phlant a phobl ifanc<\/li>\n<li>Rhywun sy&#8217;n meithrin amgylchedd diogel a chroesawgar<\/li>\n<li>Rhywun sy&#8217;n gallu mynd \u00e2 pherson ifanc ar weithgareddau hwyliog<\/li>\n<li>Model r\u00f4l cadarnhaol a ffrind oedolyn dibynadwy<\/li>\n<\/ul>\n<p><a href=\"https:\/\/www.tgpcymru.org.uk\/wp-content\/uploads\/2022\/03\/TGP-CYMRU-MID-WEST-IV-W.pdf\" target=\"_blank\" rel=\"noopener\">Dysgwch fwy am ein gwasanaeth Goruchwylio Annibynnol yma &gt;<\/a><\/p>\n<h3>Ein meini prawf cymhwysedd<\/h3>\n<p>Mae Gwasanaeth Ymweld Annibynnol Canolbarth a Gorllewin Cymru ar gael i blant neu bobl ifanc sy&#8217;n derbyn gofal.<\/p>\n<h3>Sut ydw i&#8217;n cysylltu?<\/h3>\n<p>Rydym yn gyfeillgar ac mae\u2019n hawdd siarad \u00e2 ni, ffoniwch ni ar y rhif isod.<\/p>\n<p>Mae gennym ffurflenni atgyfeirio hawdd eu defnyddio ar gyfer rhieni\/gofalwyr a gweithwyr proffesiynol ac rydym yn derbyn atgyfeiriadau dros y ff\u00f4n hefyd. I wneud atgyfeiriad nawr, cliciwch ar y botwm Cyfeirio yn y Ffyrdd o gysylltu yn yr adran isod.<\/p>\n<p>Plant a phobl ifanc \u2013 gallwch ffonio&#8217;r rhif ff\u00f4n am ddim (isod) a gofyn am eiriolwr &#8211; mae mor hawdd \u00e2 hynny \u2013 does dim angen ffurflen!<\/p>\n<h3>Gwasanaethau eraill yn y maes hwn<\/h3>\n<p>Mae&#8217;r gwasanaethau canlynol hefyd yn gweithredu yn ardal Canolbarth a Gorllewin Cymru:<\/p>\n<h4><a href=\"https:\/\/www.tgpcymru.org.uk\/cy\/beth-rydyn-nin-ei-wneud\/cwm-taf-morgannwg-advocacy-service\/\">Gwasanaeth Eiriolaeth Cwm Taf Morgannwg<\/a><\/h4>\n<p>Mae eiriolaeth yn wasanaeth sy&#8217;n sicrhau bod llais plant a phobl ifanc yn cael ei glywed trwy gyfathrebu eu hawliau a rhoi&#8217;r hyder iddynt rannu eu meddyliau.<\/p>\n<h4><a href=\"https:\/\/www.tgpcymru.org.uk\/cy\/beth-rydyn-nin-ei-wneud\/eiriolaeth-gorllewin-a-chanolbarth-cymru\/\">Gwasanaeth Eiriolaeth Canolbarth a Gorllewin Cymru<\/a><\/h4>\n<p>Nod y Gwasanaeth Eiriolaeth Rhieni yw lleihau nifer y plant sy&#8217;n dod i mewn i&#8217;r system ofal a chadw teuluoedd gyda&#8217;i gilydd, trwy ddarparu llais a chefnogaeth i rieni wrth iddynt lywio&#8217;r system amddiffyn plant.<\/p>\n<h4><a href=\"https:\/\/www.tgpcymru.org.uk\/cy\/beth-rydyn-nin-ei-wneud\/tgp-cymru-advocacy-services\/gwasanaethau-eiriolaeth-rhieni-tgp-cymru\/\">Gwasanaeth Eiriolaeth Rhiant Canolbarth a Gorllewin Cymru<\/a><\/h4>\n<p>Cyfarfod Gr\u0175p Teulu yw lle mae aelodau&#8217;r teulu, ffrind a phobl berthnasol yn dod ynghyd i drafod a gwneud cynlluniau ar gyfer y dyfodol, gyda chymorth ymarferydd hyfforddedig.<\/p>\n<h4><a href=\"https:\/\/www.tgpcymru.org.uk\/cy\/beth-rydyn-nin-ei-wneud\/ceredigion-safe-stars\/\">S\u00ear Saff Ceredigion<\/a><\/h4>\n<p>Mae S\u00ear Saff yn gr\u0175p cyfranogi sy&#8217;n hybu diogelwch i bobl ifanc. Mae&#8217;r gr\u0175p yn cyfarfod yn rheolaidd ac yn trefnu gweithgareddau hwyliog i godi ymwybyddiaeth am faterion pwysig.<\/p>\n<h4><a href=\"https:\/\/www.tgpcymru.org.uk\/cy\/beth-rydyn-nin-ei-wneud\/travelling-ahead-wales-gypsy-roma-and-traveller-advice-and-advocacy-service\/\">Teithio Ymlaen: Gwasanaeth Cyngor ac Eiriolaeth i Deithwyr, Sipsiwn a Roma Cymru<\/a><\/h4>\n<p>Mae Teithio Ymlaen yn darparu eiriolaeth unigol a chymunedol ymhlith teuluoedd Sipsiwn, Roma a Theithwyr ledled Cymru.<\/p>\n<h4><a href=\"https:\/\/www.tgpcymru.org.uk\/cy\/beth-rydyn-nin-ei-wneud\/rhaglen-ffoadur-a-lloches\/\">Perthyn \u2013 Rhaglen Ffoaduriaid a Lloches<\/a><\/h4>\n<p>Mae Perthyn yn gr\u0175p ar gyfer pobl ifanc sy&#8217;n ceisio lloches, a ffoaduriaid 14-24 oed sy&#8217;n ceisio helpu pobl ifanc i fagu hyder ac ymdrechu am y gorau y gallant fod.<\/p>\n","protected":false},"excerpt":{"rendered":"<p>Rydym yn cynnig Gwasanaethau Ymweld Annibynnol i blant a phobl ifanc sy&#8217;n byw yn Sir Gaerfyrddin, Ceredigion, Sir Benfro a Phowys. Beth yw Ymwelydd Annibynnol? Mae Ymwelydd Annibynnol yn wirfoddolwr [&hellip;]<\/p>\n","protected":false},"author":1,"featured_media":0,"parent":5787,"menu_order":0,"comment_status":"closed","ping_status":"closed","template":"project.php","meta":{"_acf_changed":false,"inline_featured_image":false,"footnotes":"","_links_to":"","_links_to_target":""},"class_list":["post-5798","page","type-page","status-publish","hentry"],"acf":[],"_links":{"self":[{"href":"https:\/\/www.tgpcymru.org.uk\/cy\/wp-json\/wp\/v2\/pages\/5798","targetHints":{"allow":["GET"]}}],"collection":[{"href":"https:\/\/www.tgpcymru.org.uk\/cy\/wp-json\/wp\/v2\/pages"}],"about":[{"href":"https:\/\/www.tgpcymru.org.uk\/cy\/wp-json\/wp\/v2\/types\/page"}],"author":[{"embeddable":true,"href":"https:\/\/www.tgpcymru.org.uk\/cy\/wp-json\/wp\/v2\/users\/1"}],"replies":[{"embeddable":true,"href":"https:\/\/www.tgpcymru.org.uk\/cy\/wp-json\/wp\/v2\/comments?post=5798"}],"version-history":[{"count":0,"href":"https:\/\/www.tgpcymru.org.uk\/cy\/wp-json\/wp\/v2\/pages\/5798\/revisions"}],"up":[{"embeddable":true,"href":"https:\/\/www.tgpcymru.org.uk\/cy\/wp-json\/wp\/v2\/pages\/5787"}],"wp:attachment":[{"href":"https:\/\/www.tgpcymru.org.uk\/cy\/wp-json\/wp\/v2\/media?parent=5798"}],"curies":[{"name":"wp","href":"https:\/\/api.w.org\/{rel}","templated":true}]}}