{"id":990,"date":"2018-03-29T14:00:53","date_gmt":"2018-03-29T13:00:53","guid":{"rendered":"https:\/\/www.tgpcymru.org.uk\/beth-rydyn-nin-ei-wneud\/mid-and-west-wales-advocacy\/"},"modified":"2025-12-01T12:30:28","modified_gmt":"2025-12-01T12:30:28","slug":"eiriolaeth-gorllewin-a-chanolbarth-cymru","status":"publish","type":"page","link":"https:\/\/www.tgpcymru.org.uk\/cy\/beth-rydyn-nin-ei-wneud\/eiriolaeth-gorllewin-a-chanolbarth-cymru\/","title":{"rendered":"Gwasanaeth Eiriolaeth Canolbarth a Gorllewin Cymru"},"content":{"rendered":"<p>Rydym yn cynnig Gwasanaethau Eiriolaeth Proffesiynol Annibynnol i blant a phobl ifanc sy&#8217;n byw yn Sir Gaerfyrddin, Ceredigion, Sir Benfro a Phowys.<\/p>\n<p>Rydym hefyd yn darparu eiriolaeth i blant a phobl ifanc o dan 18 oed sydd eisiau codi pryder neu wneud cwyn mewn perthynas \u00e2 gwasanaeth GIG.<\/p>\n<h3>Beth yw Eiriolaeth?<\/h3>\n<p>Nod eiriolaeth yw grymuso pobl ifanc sy&#8217;n agored i niwed drwy roi llais iddynt rannu eu meddyliau a&#8217;u teimladau, gan sicrhau eu bod yn cael eu clywed. Trwy eu hysbysu am eu hawliau a darparu ffordd o gyfathrebu, mae&#8217;n rhoi mwy o lais iddynt mewn penderfyniadau a all effeithio ar eu bywydau.<\/p>\n<p>Nod eiriolaeth yw cynorthwyo yn y meysydd canlynol:<\/p>\n<ul>\n<li>Rhoi llais uwch i bobl ifanc<\/li>\n<li>Sicrhau bod pobl ifanc yn deall eu hawliau<\/li>\n<li>Rhoi lle i bobl ifanc siarad yn agored<\/li>\n<li>Gwella cyfathrebu rhwng person ifanc a&#8217;i weithiwr cymdeithasol \/ gofalwr<\/li>\n<li>Caniat\u00e1u i bobl ifanc wneud cwyn<\/li>\n<\/ul>\n<p><strong>Mae ein gwasanaeth eiriolaeth yn annibynnol \u2013 nid ydym yn rhan o&#8217;r Gwasanaethau Cymdeithasol.<\/strong><\/p>\n<p><a href=\"https:\/\/www.tgpcymru.org.uk\/wp-content\/uploads\/2022\/03\/TGP-CYMRU-MID-WEST-ADVOCACY-LEAFLET-W.pdf\" target=\"_blank\" rel=\"noopener\">Dysgwch fwy am ein Gwasanaethau Eiriolaeth yma &gt;<\/a><\/p>\n<p>Dysgwch fwy am r\u00f4l eiriolwr a pha wasanaethau rydym yn eu cynnig wrth wylio\u2019r fideo isod:<\/p>\n<p><iframe loading=\"lazy\" title=\"Mid and West Wales Advocacy Service Presentation 2023 (Cymru)\" width=\"500\" height=\"375\" src=\"https:\/\/www.youtube.com\/embed\/QHBWubdxGD4?feature=oembed\" frameborder=\"0\" allow=\"accelerometer; autoplay; clipboard-write; encrypted-media; gyroscope; picture-in-picture; web-share\" referrerpolicy=\"strict-origin-when-cross-origin\" allowfullscreen><\/iframe><\/p>\n<h3>Ein meini prawf cymhwysedd<\/h3>\n<p>Mae Gwasanaeth Eiriolaeth Canolbarth a Gorllewin Cymru ar gael ar gyfer y grwpiau canlynol o blant a phobl ifanc:<\/p>\n<ul>\n<li>Plant sy&#8217;n derbyn gofal<\/li>\n<li>Plant sydd angen gofal a chymorth o dan Ddeddf Iechyd a Lles Gwasanaethau Cymdeithasol (Cymru) 2014<\/li>\n<li>Plant a phobl ifanc sy&#8217;n gadael gofal, hyd at 21 oed (25 oed os ydynt mewn addysg bellach)<\/li>\n<\/ul>\n<h3>Sut ydw i&#8217;n cysylltu?<\/h3>\n<p>Rydym yn gyfeillgar ac mae\u2019n hawdd siarad \u00e2 ni, ffoniwch ni ar y rhif isod.<\/p>\n<p>Mae gennym ffurflenni atgyfeirio hawdd eu defnyddio ar gyfer rhieni\/gofalwyr a gweithwyr proffesiynol ac rydym yn derbyn atgyfeiriadau dros y ff\u00f4n hefyd. I wneud atgyfeiriad nawr, cliciwch ar y botwm Cyfeirio yn y Ffyrdd o gysylltu yn yr adran isod.<\/p>\n<p>Plant a phobl ifanc \u2013 gallwch ffonio&#8217;r rhif ff\u00f4n am ddim (isod) a gofyn am eiriolwr &#8211; mae mor hawdd \u00e2 hynny \u2013 does dim angen ffurflen!<\/p>\n<h3>Gwasanaethau eraill yn y maes hwn<\/h3>\n<p>Mae&#8217;r gwasanaethau canlynol hefyd yn gweithredu yn ardal Canolbarth a Gorllewin Cymru.:<\/p>\n<p>Eiriolaeth Iechyd<br \/>\nMae ein t\u00eem Eiriolaeth Canolbarth a Gorllewin Cymru yn darparu cymorth arbenigol i blant a phobl ifanc sy&#8217;n gwneud cwyn am Wasanaethau&#8217;r GIG.<\/p>\n<h4><a href=\"https:\/\/www.tgpcymru.org.uk\/cy\/beth-rydyn-nin-ei-wneud\/gwasanaethau-ymweld-annibynnol-tgp-cymru\/gwasanaeth-ymweld-annibynnol-canolbarth-a-gorllewin-cymru\/\">Gwasanaeth Ymweld Annibynnol Canolbarth a Gorllewin Cymru<\/a><\/h4>\n<p>Mae Ymweliadau Annibynnol yn wasanaeth i blant a phobl ifanc sydd mewn gofal. Mae ymwelydd annibynnol yn wirfoddolwr sy&#8217;n darparu cwmn\u00efaeth i bobl ifanc, rhywun i wneud gweithgareddau hwyliog gyda nhw a gwasanaethu fel model r\u00f4l cadarnhaol.<\/p>\n<h4><a href=\"https:\/\/www.tgpcymru.org.uk\/cy\/beth-rydyn-nin-ei-wneud\/tgp-cymru-advocacy-services\/gwasanaethau-eiriolaeth-rhieni-tgp-cymru\/\">Gwasanaeth Eiriolaeth Rhiant Canolbarth a Gorllewin Cymru<\/a><\/h4>\n<p>Nod y Gwasanaeth Eiriolaeth Rhieni yw lleihau nifer y plant sy&#8217;n dod i mewn i&#8217;r system ofal a chadw teuluoedd gyda&#8217;i gilydd, trwy ddarparu llais a chefnogaeth i rieni wrth iddynt lywio&#8217;r system amddiffyn plant.<\/p>\n<h4><a href=\"https:\/\/www.tgpcymru.org.uk\/cy\/beth-rydyn-nin-ei-wneud\/ceredigion-safe-stars\/\">S\u00ear Saff Ceredigion<\/a><\/h4>\n<p>Mae S\u00ear Saff yn gr\u0175p cyfranogi sy&#8217;n hybu diogelwch i bobl ifanc. Mae&#8217;r gr\u0175p yn cyfarfod yn rheolaidd ac yn trefnu gweithgareddau hwyliog i godi ymwybyddiaeth am faterion pwysig.<\/p>\n<h4><a href=\"https:\/\/www.tgpcymru.org.uk\/cy\/beth-rydyn-nin-ei-wneud\/travelling-ahead-wales-gypsy-roma-and-traveller-advice-and-advocacy-service\/\">Teithio Ymlaen: Gwasanaeth Cyngor ac Eiriolaeth i Deithwyr, Sipsiwn a Roma\u00a0 Cymru<\/a><\/h4>\n<p>Mae Teithio Ymlaen yn darparu eiriolaeth unigol a chymunedol ymhlith teuluoedd Sipsiwn, Roma a Theithwyr ledled Cymru.<\/p>\n<h4><a href=\"https:\/\/www.tgpcymru.org.uk\/cy\/beth-rydyn-nin-ei-wneud\/gwasanaeth-cyfarfodydd-grwp-teulu-gweithredu-adferol\/\">Gwasanaeth Cyfarfod Gr\u0175p Teulu &#8211; Dulliau Adferol<\/a><\/h4>\n[Sir Benfro] Cyfarfod Gr\u0175p Teulu yw lle mae aelodau&#8217;r teulu, ffrind a phobl berthnasol yn dod ynghyd i drafod a gwneud cynlluniau ar gyfer y dyfodol, gyda chymorth ymarferydd hyfforddedig.<\/p>\n<h4><a href=\"https:\/\/www.tgpcymru.org.uk\/cy\/beth-rydyn-nin-ei-wneud\/rhaglen-ffoadur-a-lloches\/\">Perthyn \u2013 Rhaglen Ffoaduriaid a Lloches<\/a><\/h4>\n<p>Mae Perthyn yn gr\u0175p ar gyfer pobl ifanc sy&#8217;n ceisio lloches, a ffoaduriaid 14-24 oed sy&#8217;n ceisio helpu pobl ifanc i fagu hyder ac ymdrechu am y gorau y gallant fod.<\/p>\n","protected":false},"excerpt":{"rendered":"<p>Rydym yn cynnig Gwasanaethau Eiriolaeth Proffesiynol Annibynnol i blant a phobl ifanc sy&#8217;n byw yn Sir Gaerfyrddin, Ceredigion, Sir Benfro a Phowys. Rydym hefyd yn darparu eiriolaeth i blant a [&hellip;]<\/p>\n","protected":false},"author":1,"featured_media":0,"parent":929,"menu_order":0,"comment_status":"closed","ping_status":"closed","template":"project.php","meta":{"_acf_changed":false,"inline_featured_image":false,"footnotes":"","_links_to":"","_links_to_target":""},"class_list":["post-990","page","type-page","status-publish","hentry"],"acf":[],"_links":{"self":[{"href":"https:\/\/www.tgpcymru.org.uk\/cy\/wp-json\/wp\/v2\/pages\/990","targetHints":{"allow":["GET"]}}],"collection":[{"href":"https:\/\/www.tgpcymru.org.uk\/cy\/wp-json\/wp\/v2\/pages"}],"about":[{"href":"https:\/\/www.tgpcymru.org.uk\/cy\/wp-json\/wp\/v2\/types\/page"}],"author":[{"embeddable":true,"href":"https:\/\/www.tgpcymru.org.uk\/cy\/wp-json\/wp\/v2\/users\/1"}],"replies":[{"embeddable":true,"href":"https:\/\/www.tgpcymru.org.uk\/cy\/wp-json\/wp\/v2\/comments?post=990"}],"version-history":[{"count":0,"href":"https:\/\/www.tgpcymru.org.uk\/cy\/wp-json\/wp\/v2\/pages\/990\/revisions"}],"up":[{"embeddable":true,"href":"https:\/\/www.tgpcymru.org.uk\/cy\/wp-json\/wp\/v2\/pages\/929"}],"wp:attachment":[{"href":"https:\/\/www.tgpcymru.org.uk\/cy\/wp-json\/wp\/v2\/media?parent=990"}],"curies":[{"name":"wp","href":"https:\/\/api.w.org\/{rel}","templated":true}]}}